{"id":341,"date":"2016-03-15T14:31:38","date_gmt":"2016-03-15T14:31:38","guid":{"rendered":"http:\/\/okthemes.com\/villenoirdemonew\/?page_id=341"},"modified":"2024-07-29T18:54:52","modified_gmt":"2024-07-29T18:54:52","slug":"historia","status":"publish","type":"page","link":"https:\/\/apptienda.com.ar\/bodega\/historia\/","title":{"rendered":"Historia"},"content":{"rendered":"<div class=\"wpb-content-wrapper\"><p>[vc_row full_width=&#8221;stretch_row&#8221; css_animation=&#8221;&#8221; css=&#8221;.vc_custom_1721420372580{padding-top: 120px !important;background-image: url(http:\/\/okthemes.com\/villenoirdemonew\/wp-content\/uploads\/2016\/03\/our-story-back-image.jpg?id=348) !important;background-position: 0 0 !important;background-repeat: no-repeat !important;}&#8221; el_class=&#8221;gg-force-background-bottom&#8221;][vc_column width=&#8221;1\/2&#8243; css_animation=&#8221;&#8221;][vc_column_text css_animation=&#8221;&#8221;]<\/p>\n<h2>Nuestros comienzos<\/h2>\n<p>Por generaciones, desde que Francisco Hinojosa lleg\u00f3 a estas tierras, hace m\u00e1s de 60 a\u00f1os, hemos practicado el cultivo de la uva para producir vinos de alta calidad, pero no fue sino hasta este siglo que el sue\u00f1o de todas estas generaciones se volvi\u00f3 realidad. En 2003 nace Bodega La Azul, pero la tradici\u00f3n del cultivo de la vi\u00f1a irriga nuestras venas desde que nuestros abuelos llegaron al Valle de Uco y entendieron que en este suelo pedregoso podr\u00edan producirse excelentes frutas.<\/p>\n<h2>Tradici\u00f3n<\/h2>\n<p><span id=\"u34172\">Hoy que el valle rebosa de espalderos y maquinaria de \u00faltima tecnolog\u00eda resulta dif\u00edcil imaginar ese tiempo en donde no hab\u00eda nada m\u00e1s que piedras y arena y el cauce de un r\u00edo seco en el invierno. Resulta dif\u00edcil imaginar que ellos llegaron y tuvieron que probar cultivos: chacra, olivos, nogales\u2026 la vid.\u00a0<\/span><span id=\"u34172\">Gracias a esta tradici\u00f3n que hemos heredado hoy podemos decir que tenemos la suerte de producir nuestras propias uvas, un aspecto fundamental a la hora de producir un buen vino.<\/span>[\/vc_column_text][\/vc_column][vc_column width=&#8221;1\/2&#8243; css_animation=&#8221;&#8221;]\n\t<div class=\"title-subtitle-box  vc_custom_1721420413578 vc_custom_1721420413578 vc_custom_1721420413579\" style=\" padding: 90px 0 0 0px; text-align: center;\">\n\t\t<p  style=\"\">T.S. Eliot<\/p>\n\t\t<h1 style=\" font-style: normal;\">Tiempo pasado y tiempo presente quiz\u00e1s en un tiempo futuro est\u00e9n ambos presentes<\/h1>\n\t<\/div> [\/vc_column][\/vc_row][vc_row full_width=&#8221;stretch_row_content_no_spaces&#8221; equal_height=&#8221;yes&#8221; content_placement=&#8221;middle&#8221; reverse_columns_mobile=&#8221;yes&#8221; css_animation=&#8221;&#8221; css=&#8221;.vc_custom_1721046755093{padding-top: 0px !important;padding-bottom: 0px !important;background-position: center !important;background-repeat: no-repeat !important;background-size: contain !important;}&#8221; el_class=&#8221;gg-force-background-left&#8221;][vc_column width=&#8221;1\/2&#8243; css_animation=&#8221;&#8221; offset=&#8221;vc_col-lg-6 vc_col-md-6&#8243; css=&#8221;.vc_custom_1720471800806{margin-top: 0px !important;margin-bottom: 0px !important;border-top-width: 0px !important;border-bottom-width: 0px !important;padding-top: 0px !important;padding-bottom: 0px !important;}&#8221; css_tablet=&#8221;.vc_custom_1720471800808{margin-top: 0px !important;margin-bottom: 0px !important;border-top-width: 0px !important;border-bottom-width: 0px !important;padding-top: 0px !important;padding-bottom: 0px !important;}&#8221; el_class=&#8221;galeria-content&#8221;][vc_gallery interval=&#8221;3&#8243; images=&#8221;2885,2887,2884,2882,2883,2881,2880,2886&#8243; img_size=&#8221;large&#8221; el_class=&#8221;galeria-responsive&#8221;][\/vc_column][vc_column width=&#8221;1\/2&#8243; css_animation=&#8221;&#8221; css=&#8221;.vc_custom_1721047842728{margin-bottom: 0px !important;padding-top: 10% !important;padding-right: 10% !important;padding-bottom: 10% !important;padding-left: 10% !important;}&#8221; offset=&#8221;vc_col-lg-6 vc_col-md-6&#8243; css_tablet=&#8221;.vc_custom_1721047842728{padding-right: 55px !important;padding-left: 55px !important;}&#8221;]\n\t<div class=\"title-subtitle-box  vc_custom_1721420879682 vc_custom_1721420879683\" style=\" text-align: left;\">\n\t\t<p  style=\"\">Nuestra historia<\/p>\n\t\t<h1 style=\" font-style: normal;\">Nuestra bodega hoy<\/h1>\n\t<\/div> [vc_column_text css_animation=&#8221;&#8221;]<span id=\"u34172-6\">Hoy en d\u00eda l<\/span><span id=\"u34172-7\">a bodega cuenta con una capacidad de 120.000 litros en tanques de acero inoxidable. La l\u00ednea de varietales terminar\u00e1 su camino en botella, luego de su paso por los tanques; las l\u00edneas Reserva y Gran Reserva, en cambio, pasar\u00e1n a barricas de roble franc\u00e9s y americano; que con sus diferentes tostados y aromas modifican sutilmente por largos meses al vino que duerme dentro suyo.<\/span><\/p>\n<p><span id=\"u34172-10\">E<\/span><span id=\"u34172-11\">sta es nuestra historia. Nuestra pasi\u00f3n es hacer uvas, hacer vino, y tambi\u00e9n, por supuesto, tomarlo, disfrutarlo y darle el lugar que se merece: la fiesta. <\/span><\/p>\n<p><span id=\"u34172-11\">Con esto en mente, lo invitamos a conocer la bodega, a comer un almuerzo con nosotros en el Rest\u00f3, a quedarse en nuestra Casa de Hu\u00e9spedes, a caminar las vi\u00f1as y degustar los vinos, a sentarse con una copa mirando al Cord\u00f3n del Plata, imponente, nevado, reflejando en todas sus laderas el sol furioso del mediod\u00eda.<\/span>[\/vc_column_text][vc_btn title=&#8221;Visitar Finca La Azul&#8221; style=&#8221;custom&#8221; custom_background=&#8221;#b0976d&#8221; custom_text=&#8221;#ffffff&#8221; shape=&#8221;square&#8221; css_animation=&#8221;&#8221; link=&#8221;url:https%3A%2F%2Ffincalaazul.com.ar%2F|target:_blank&#8221;][\/vc_column][\/vc_row][vc_row full_width=&#8221;stretch_row&#8221; content_placement=&#8221;middle&#8221; css_animation=&#8221;&#8221; css=&#8221;.vc_custom_1722279291415{padding-top: 50px !important;padding-right: 80px !important;padding-bottom: 0px !important;padding-left: 80px !important;background-color: #000000 !important;}&#8221;][vc_column width=&#8221;1\/6&#8243; css_animation=&#8221;&#8221;][vc_single_image image=&#8221;2680&#8243; css_animation=&#8221;&#8221;][\/vc_column][vc_column width=&#8221;5\/6&#8243; css_animation=&#8221;&#8221;][vc_row_inner css_animation=&#8221;&#8221; css=&#8221;.vc_custom_1720815732010{padding-top: 0px !important;padding-bottom: 0px !important;}&#8221;][vc_column_inner width=&#8221;1\/3&#8243; css=&#8221;.vc_custom_1720817553075{padding-top: 25px !important;padding-bottom: 25px !important;}&#8221;]\n\t<div class=\"title-subtitle-box \" style=\" text-align: left;\">\n\t\t<p  style=\"\">Consultas<\/p>\n\t\t<h5 style=\" color:#ffffff;  font-style: normal;\">administracion@bodegalaazul.com<\/h5>\n\t<\/div> [\/vc_column_inner][vc_column_inner width=&#8221;5\/12&#8243; css=&#8221;.vc_custom_1720817558099{padding-top: 25px !important;padding-bottom: 25px !important;}&#8221;]\n\t<div class=\"title-subtitle-box  vc_custom_1722258961426\" style=\" text-align: left;\">\n\t\t<p  style=\"\">Reservas Bodega y Rest\u00f3 La Azul<\/p>\n\t<\/div> [vc_btn title=&#8221;Whatsapp&#8221; style=&#8221;outline-custom&#8221; outline_custom_color=&#8221;#ffffff&#8221; outline_custom_hover_background=&#8221;#b0976d&#8221; outline_custom_hover_text=&#8221;#ffffff&#8221; shape=&#8221;square&#8221; align=&#8221;left&#8221; i_icon_fontawesome=&#8221;fab fa-whatsapp&#8221; css_animation=&#8221;&#8221; add_icon=&#8221;true&#8221; link=&#8221;url:https%3A%2F%2Fwa.me%2F542622603443|title:Contacto|target:_blank&#8221;][\/vc_column_inner][vc_column_inner width=&#8221;1\/4&#8243; css=&#8221;.vc_custom_1720817563690{padding-top: 25px !important;padding-bottom: 25px !important;}&#8221;]\n\t<div class=\"title-subtitle-box  vc_custom_1720815510660 vc_custom_1720815510660 vc_custom_1720815510661\" style=\" margin-bottom:0px; text-align: left;\">\n\t\t<p  style=\"\">PUNTOS DE VENTA<\/p>\n\t<\/div> [vc_btn title=&#8221;Ver informaci\u00f3n&#8221; style=&#8221;outline-custom&#8221; outline_custom_color=&#8221;#ffffff&#8221; outline_custom_hover_background=&#8221;#b0976d&#8221; outline_custom_hover_text=&#8221;#ffffff&#8221; shape=&#8221;square&#8221; css_animation=&#8221;&#8221; link=&#8221;url:https%3A%2F%2Fapptienda.com.ar%2Fbodega%2Fcontacto%2F|title:Contacto&#8221;][\/vc_column_inner][\/vc_row_inner][\/vc_column][\/vc_row]<\/p>\n<\/div>","protected":false},"excerpt":{"rendered":"<p>[vc_row full_width=&#8221;stretch_row&#8221; css_animation=&#8221;&#8221; css=&#8221;.vc_custom_1721420372580{padding-top: 120px !important;background-image: url(http:\/\/okthemes.com\/villenoirdemonew\/wp-content\/uploads\/2016\/03\/our-story-back-image.jpg?id=348) !important;background-position: 0 0 !important;background-repeat: no-repeat !important;}&#8221; el_class=&#8221;gg-force-background-bottom&#8221;][vc_column width=&#8221;1\/2&#8243; css_animation=&#8221;&#8221;][vc_column_text css_animation=&#8221;&#8221;] Nuestros comienzos Por generaciones, desde que Francisco Hinojosa lleg\u00f3 a estas tierras, hace<br class=\"read-more-spacer\"> <a class=\"more-link\" href=\"https:\/\/apptienda.com.ar\/bodega\/historia\/\">Read More<\/a><\/p>\n","protected":false},"author":1,"featured_media":2865,"parent":0,"menu_order":0,"comment_status":"closed","ping_status":"closed","template":"","meta":{"_acf_changed":false,"footnotes":""},"acf":[],"_links":{"self":[{"href":"https:\/\/apptienda.com.ar\/bodega\/wp-json\/wp\/v2\/pages\/341"}],"collection":[{"href":"https:\/\/apptienda.com.ar\/bodega\/wp-json\/wp\/v2\/pages"}],"about":[{"href":"https:\/\/apptienda.com.ar\/bodega\/wp-json\/wp\/v2\/types\/page"}],"author":[{"embeddable":true,"href":"https:\/\/apptienda.com.ar\/bodega\/wp-json\/wp\/v2\/users\/1"}],"replies":[{"embeddable":true,"href":"https:\/\/apptienda.com.ar\/bodega\/wp-json\/wp\/v2\/comments?post=341"}],"version-history":[{"count":21,"href":"https:\/\/apptienda.com.ar\/bodega\/wp-json\/wp\/v2\/pages\/341\/revisions"}],"predecessor-version":[{"id":3097,"href":"https:\/\/apptienda.com.ar\/bodega\/wp-json\/wp\/v2\/pages\/341\/revisions\/3097"}],"wp:featuredmedia":[{"embeddable":true,"href":"https:\/\/apptienda.com.ar\/bodega\/wp-json\/wp\/v2\/media\/2865"}],"wp:attachment":[{"href":"https:\/\/apptienda.com.ar\/bodega\/wp-json\/wp\/v2\/media?parent=341"}],"curies":[{"name":"wp","href":"https:\/\/api.w.org\/{rel}","templated":true}]}}