{"id":1060,"date":"2016-06-17T13:03:07","date_gmt":"2016-06-17T13:03:07","guid":{"rendered":"http:\/\/okthemes.com\/villenoirdemonew\/?page_id=1060"},"modified":"2024-08-16T16:26:56","modified_gmt":"2024-08-16T16:26:56","slug":"resto","status":"publish","type":"page","link":"https:\/\/apptienda.com.ar\/bodega\/resto\/","title":{"rendered":"Resto"},"content":{"rendered":"<div class=\"wpb-content-wrapper\"><p>[vc_row equal_height=&#8221;yes&#8221; css_animation=&#8221;&#8221; css=&#8221;.vc_custom_1723824750510{margin-top: 100px !important;margin-bottom: 100px !important;padding-top: 0px !important;padding-right: 0px !important;padding-bottom: 0px !important;padding-left: 0px !important;}&#8221; css_tablet=&#8221;.vc_custom_1723824750510{margin-top: 0px !important;margin-bottom: 0px !important;}&#8221; css_mobile=&#8221;.vc_custom_1723824750511{margin-top: 0px !important;margin-bottom: 0px !important;}&#8221;][vc_column width=&#8221;1\/2&#8243; css_animation=&#8221;&#8221; css=&#8221;.vc_custom_1681215965375{padding-top: 18% !important;padding-right: 18% !important;padding-bottom: 18% !important;padding-left: 18% !important;background-color: #b0976d !important;}&#8221; css_tablet=&#8221;.vc_custom_1681215965375{padding: 15% !important;}&#8221;][vc_icon icon_fontawesome=&#8221;fa fa-phone&#8221; color=&#8221;custom&#8221; background_style=&#8221;rounded&#8221; background_color=&#8221;white&#8221; align=&#8221;center&#8221; custom_color=&#8221;#b0976d&#8221;]\n\t<div class=\"title-subtitle-box \" style=\" text-align: center;\">\n\t\t<p  style=\" color:rgba(255,255,255,0.7); \">Degustaciones<\/p>\n\t\t<h1 style=\" color:#ffffff;  font-style: normal;\">Hacer reserva<\/h1>\n\t<\/div> [vc_column_text css_animation=&#8221;&#8221;]<\/p>\n<p style=\"text-align: center;\"><span style=\"color: #ffffff;\"><br \/>\nPara degustaciones, el horario es de ma\u00f1ana (10 a 12hs.) y de tarde (16hs).<\/span><\/p>\n<p>[\/vc_column_text][vc_btn title=&#8221;Reservar&#8221; style=&#8221;custom&#8221; custom_background=&#8221;#000000&#8243; custom_text=&#8221;#ffffff&#8221; shape=&#8221;square&#8221; align=&#8221;center&#8221; css_animation=&#8221;&#8221; custom_onclick=&#8221;true&#8221; el_id=&#8221;openModalBtn&#8221;][\/vc_column][vc_column width=&#8221;1\/2&#8243; css_animation=&#8221;&#8221; css=&#8221;.vc_custom_1681215972032{padding-top: 18% !important;padding-right: 18% !important;padding-bottom: 18% !important;padding-left: 18% !important;background-color: #000000 !important;}&#8221; css_tablet=&#8221;.vc_custom_1681215972033{padding: 15% !important;}&#8221;][vc_icon icon_fontawesome=&#8221;fa fa-cutlery&#8221; color=&#8221;custom&#8221; background_style=&#8221;rounded&#8221; background_color=&#8221;white&#8221; align=&#8221;center&#8221; custom_color=&#8221;#000000&#8243;]\n\t<div class=\"title-subtitle-box \" style=\" text-align: center;\">\n\t\t<p  style=\" color:rgba(255,255,255,0.7); \">Almuerzo<\/p>\n\t\t<h1 style=\" color:#ffffff;  font-style: normal;\">Reservar<\/h1>\n\t<\/div> [vc_column_text css_animation=&#8221;&#8221;]<\/p>\n<p style=\"text-align: center;\"><span style=\"color: #ffffff;\"><br \/>\nHorario de almuerzo de 12hs a 16hs<\/span><\/p>\n<p>[\/vc_column_text][vc_btn title=&#8221;Reservar&#8221; style=&#8221;custom&#8221; custom_background=&#8221;#b0976d&#8221; custom_text=&#8221;#ffffff&#8221; shape=&#8221;square&#8221; align=&#8221;center&#8221; css_animation=&#8221;&#8221; link=&#8221;url:%23|||&#8221; el_id=&#8221;openModalBtnReserva&#8221;][\/vc_column][vc_column css_animation=&#8221;&#8221; css=&#8221;.vc_custom_1723825555856{padding-top: 30px !important;padding-bottom: 30px !important;border-radius: 1px !important;}&#8221; el_class=&#8221;cena-consulta&#8221;]\n\t<div class=\"title-subtitle-box \" style=\" text-align: center;\">\n\t\t<p  style=\" color:rgba(10,10,10,0.7); \">Cenas<\/p>\n\t\t<h1 style=\" color:#0a0a0a;  font-style: normal;\">Consultar en nuestra Casa de Hu\u00e9spedes<\/h1>\n\t<\/div> [vc_btn title=&#8221;Consultar&#8221; style=&#8221;custom&#8221; custom_background=&#8221;#b0976d&#8221; custom_text=&#8221;#ffffff&#8221; shape=&#8221;square&#8221; align=&#8221;center&#8221; css_animation=&#8221;&#8221; custom_onclick=&#8221;true&#8221; link=&#8221;url:https%3A%2F%2Ffincalaazul.com.ar%2F|title:Consultar|target:_blank&#8221; css=&#8221;.vc_custom_1723825571596{margin-top: -20px !important;margin-bottom: 20px !important;}&#8221;][\/vc_column][\/vc_row][vc_row full_width=&#8221;stretch_row_content_no_spaces&#8221; css_animation=&#8221;&#8221; css_tablet=&#8221;.vc_custom_1721418322662{margin-top: 0px !important;margin-bottom: 0px !important;}&#8221; css_mobile=&#8221;.vc_custom_1721418322662{margin-top: 0px !important;margin-bottom: 0px !important;}&#8221; css=&#8221;.vc_custom_1721418322661{padding-top: 0px !important;padding-bottom: 0px !important;}&#8221;][vc_column css_animation=&#8221;&#8221;][vc_gallery interval=&#8221;3&#8243; images=&#8221;2811,2810,2809,2808,2807,2806,2805,2804,2803,2801,2800,2799&#8243; img_size=&#8221;full&#8221; onclick=&#8221;&#8221;][\/vc_column][\/vc_row][vc_row content_placement=&#8221;middle&#8221; css_animation=&#8221;&#8221;][vc_column width=&#8221;1\/2&#8243; css_animation=&#8221;&#8221; css=&#8221;.vc_custom_1721418434200{padding-right: 10% !important;padding-left: 55px !important;}&#8221;]\n\t<div class=\"title-subtitle-box \" style=\" text-align: left;\">\n\t\t<p  style=\"\">Conocenos<\/p>\n\t\t<h1 style=\" font-style: normal;\">Nuestro Rest\u00f3<\/h1>\n\t<\/div> [vc_column_text css_animation=&#8221;&#8221;]<\/p>\n<p id=\"u34355-7\"><span id=\"u34355-5\">E<\/span><span id=\"u34355-6\">n el rest\u00f3 servimos comida criolla, es decir, aquella que heredamos de nuestros antepasados\u00a0 originarios y mediterr\u00e1neos. A esta comida t\u00edpica que hemos saboreado todos los pobladores del Valle de Uco desde hace a\u00f1os le sumamos nuestra propia experiencia y nuestros gustos. Escabeches, empanadas, asado y nuestra especial bondiola braseada son algunos de los platos que servimos usualmente.<\/span><\/p>\n<p id=\"u34355-11\"><span id=\"u34355-9\">A<\/span><span id=\"u34355-10\">s\u00ed como nosotros hemos nacido ac\u00e1, los cocineros de La Azul, y quienes lo atender\u00e1n al llegar al rest\u00f3, tambi\u00e9n han nacido en el valle o eligen vivir entre nosotros. Somos un equipo de lugare\u00f1os esperanzados en poder hacer la mejor comida, en poder mostrarles los frutos de nuestro suelo, y, sobre todo, en brindarles el mejor momento, de recibirlos en casa.<\/span><\/p>\n<p>[\/vc_column_text][\/vc_column][vc_column width=&#8221;1\/2&#8243; css_animation=&#8221;&#8221; css=&#8221;.vc_custom_1721418471705{padding-right: 0px !important;padding-left: 0px !important;}&#8221;][vc_single_image image=&#8221;2826&#8243; img_size=&#8221;full&#8221; alignment=&#8221;center&#8221; css_animation=&#8221;&#8221;][\/vc_column][\/vc_row][vc_row content_placement=&#8221;middle&#8221; reverse_columns_mobile=&#8221;yes&#8221; css_animation=&#8221;&#8221; css_tablet=&#8221;.vc_custom_1721419613555{margin-bottom: 0px !important;padding-top: 0px !important;padding-bottom: 0px !important;}&#8221; css_mobile=&#8221;.vc_custom_1721419613555{margin-bottom: 0px !important;padding-bottom: 0px !important;}&#8221;][vc_column width=&#8221;1\/2&#8243; css_animation=&#8221;&#8221; css=&#8221;.vc_custom_1721419376261{padding-right: 0px !important;padding-left: 0px !important;}&#8221; css_tablet=&#8221;.vc_custom_1721419376261{margin-bottom: 0px !important;padding-bottom: 0px !important;}&#8221; css_mobile=&#8221;.vc_custom_1721419376262{margin-bottom: 0px !important;padding-bottom: 0px !important;}&#8221;][vc_single_image image=&#8221;2827&#8243; img_size=&#8221;full&#8221; alignment=&#8221;center&#8221; css_animation=&#8221;&#8221;][\/vc_column][vc_column width=&#8221;1\/2&#8243; css_animation=&#8221;&#8221; css=&#8221;.vc_custom_1721418645584{padding-right: 10% !important;padding-left: 55px !important;}&#8221; css_mobile=&#8221;.vc_custom_1721418645585{margin-top: 0px !important;padding-top: 0px !important;}&#8221;]\n\t<div class=\"title-subtitle-box \" style=\" text-align: left;\">\n\t\t<p  style=\"\">Opciones para vos<\/p>\n\t\t<h1 style=\" font-style: normal;\">Menu y eventos<\/h1>\n\t<\/div> [vc_column_text css_animation=&#8221;&#8221;]<\/p>\n<p id=\"u34355-7\"><span id=\"u34356\">O<\/span><span id=\"u34356-2\">frecemos un men\u00fa de pasos maridado con vinos de las diferentes l\u00edneas de nuestra Bodega. Si tiene alguna necesidad nutricional especial por favor h\u00e1ganoslo saber al momento de solicitar su reserva, estaremos encantados de prepararle un men\u00fa particular con los sabores que nos caracterizan. Tambi\u00e9n puede solicitar a trav\u00e9s del rest\u00f3 degustaciones y visitas a la bodega. Abrimos las puertas para que puedan ver y probar las distintas fases de vinificaci\u00f3n de nuestros vinos.<\/span><\/p>\n<p><span id=\"u34356-5\">E<\/span><span id=\"u34356-6\">s usual que en nuestro Restaurant haya eventos especiales, desde degustaciones de t\u00e9 locales, con fuerte impronta de nuestra rica fauna, hasta pe\u00f1as folcl\u00f3ricas, adem\u00e1s de eventos privados, casamientos y dem\u00e1s. Debido a esto y a la cantidad de visitantes que tenemos la suerte de recibir en el Valle de Uco, promocionado por su excelente terroir, le pedimos que nos contacte para hacer una reservaci\u00f3n, ya sea para almorzar o realizar degustaciones.\u00a0<\/span>[\/vc_column_text][\/vc_column][\/vc_row][vc_row css_animation=&#8221;&#8221; css=&#8221;.vc_custom_1722268049295{margin-top: 0px !important;margin-bottom: 0px !important;padding-top: 0px !important;padding-bottom: 0px !important;}&#8221;][vc_column css_animation=&#8221;&#8221; css=&#8221;.vc_custom_1722268041625{margin-top: 0px !important;margin-bottom: 0px !important;padding-top: 0px !important;padding-bottom: 0px !important;}&#8221;][vc_raw_html]JTNDJTIxLS0lMjBNb2RhbCUyMC0tJTNFJTBBJTNDZGl2JTIwaWQlM0QlMjJjdXN0b21Nb2RhbFJlc2VydmElMjIlMjBjbGFzcyUzRCUyMm1vZGFsJTIyJTNFJTBBJTIwJTIwJTNDZGl2JTIwY2xhc3MlM0QlMjJtb2RhbC1jb250ZW50JTIyJTNFJTBBJTIwJTIwJTIwJTIwJTNDc3BhbiUyMGlkJTNEJTIyY2xvc2VNb2RhbEJ0blJlc2VydmElMjIlMjBjbGFzcyUzRCUyMmNsb3NlJTIyJTNFJTI2dGltZXMlM0IlM0MlMkZzcGFuJTNFJTBBJTIwJTIwJTIwJTIwJTNDaDIlM0VSZXNlcnZhJTIwcGFyYSUyMGFsbXVlcnpvJTNDJTJGaDIlM0UlMEElMjAlMjAlMjAlMjAlM0NwJTNFUG9yJTIwZmF2b3IlMjBjb21wbGV0YXIlMjBsb3MlMjBkYXRvcyUyMHBhcmElMjBsdWVnbyUyMGNvbnRpbnVhciUyMGxhJTIwbWlzbWElMjBwb3IlMjBXaGF0c2FwcCUzQyUyRnAlM0UlMEElMjAlMjAlMjAlMjAlM0Nmb3JtJTIwaWQlM0QlMjJjb250YWN0Rm9ybSUyMiUzRSUwQSUyMCUyMCUyMCUyMCUyMCUyMCUzQ2RpdiUyMGNsYXNzJTNEJTIybWItMyUyMiUzRSUwQSUyMCUyMCUyMCUyMCUyMCUyMCUyMCUyMCUzQ2xhYmVsJTIwZm9yJTNEJTIyZmlyc3ROYW1lUmVzZXJ2YSUyMiUyMGNsYXNzJTNEJTIyZm9ybS1sYWJlbCUyMiUzRU5vbWJyZSUzQyUyRmxhYmVsJTNFJTBBJTIwJTIwJTIwJTIwJTIwJTIwJTIwJTIwJTNDaW5wdXQlMjB0eXBlJTNEJTIydGV4dCUyMiUyMGNsYXNzJTNEJTIyZm9ybS1jb250cm9sJTIyJTIwaWQlM0QlMjJmaXJzdE5hbWVSZXNlcnZhJTIyJTIwcmVxdWlyZWQlM0UlMEElMjAlMjAlMjAlMjAlMjAlMjAlM0MlMkZkaXYlM0UlMEElMjAlMjAlMjAlMjAlMjAlMjAlM0NkaXYlMjBjbGFzcyUzRCUyMm1iLTMlMjIlM0UlMEElMjAlMjAlMjAlMjAlMjAlMjAlMjAlMjAlM0NsYWJlbCUyMGZvciUzRCUyMmxhc3ROYW1lUmVzZXJ2YSUyMiUyMGNsYXNzJTNEJTIyZm9ybS1sYWJlbCUyMiUzRUFwZWxsaWRvJTNDJTJGbGFiZWwlM0UlMEElMjAlMjAlMjAlMjAlMjAlMjAlMjAlMjAlM0NpbnB1dCUyMHR5cGUlM0QlMjJ0ZXh0JTIyJTIwY2xhc3MlM0QlMjJmb3JtLWNvbnRyb2wlMjIlMjBpZCUzRCUyMmxhc3ROYW1lUmVzZXJ2YSUyMiUyMHJlcXVpcmVkJTNFJTBBJTIwJTIwJTIwJTIwJTIwJTIwJTNDJTJGZGl2JTNFJTBBJTIwJTIwJTIwJTIwJTIwJTIwJTNDZGl2JTIwY2xhc3MlM0QlMjJtYi0zJTIyJTNFJTBBJTIwJTIwJTIwJTIwJTIwJTIwJTIwJTIwJTNDbGFiZWwlMjBmb3IlM0QlMjJkYXRlUGlja2VyUmVzZXJ2YSUyMiUyMGNsYXNzJTNEJTIyZm9ybS1sYWJlbCUyMiUzRUZlY2hhJTNDJTJGbGFiZWwlM0UlMEElMjAlMjAlMjAlMjAlMjAlMjAlMjAlMjAlM0NpbnB1dCUyMHR5cGUlM0QlMjJkYXRlJTIyJTIwaWQlM0QlMjJkYXRlUGlja2VyUmVzZXJ2YSUyMiUyMGNsYXNzJTNEJTIyZm9ybS1jb250cm9sJTIyJTIwcmVxdWlyZWQlM0UlMEElMjAlMjAlMjAlMjAlMjAlMjAlM0MlMkZkaXYlM0UlMEElMjAlMjAlMjAlMjAlMjAlMjAlM0NkaXYlMjBjbGFzcyUzRCUyMm1iLTMlMjIlM0UlMEElMjAlMjAlMjAlMjAlMjAlMjAlMjAlMjAlM0NsYWJlbCUyMGZvciUzRCUyMnRpbWVEcm9wZG93blJlc2VydmElMjIlMjBjbGFzcyUzRCUyMmZvcm0tbGFiZWwlMjIlM0VIb3JhJTNDJTJGbGFiZWwlM0UlMEElMjAlMjAlMjAlMjAlMjAlMjAlMjAlMjAlM0NzZWxlY3QlMjBpZCUzRCUyMnRpbWVEcm9wZG93blJlc2VydmElMjIlMjBjbGFzcyUzRCUyMmZvcm0tY29udHJvbCUyMiUyMHJlcXVpcmVkJTNFJTBBJTIwJTIwJTIwJTIwJTIwJTIwJTIwJTIwJTIwJTIwJTNDb3B0aW9uJTIwdmFsdWUlM0QlMjItMSUyMiUyMGRpc2FibGVkJTIwc2VsZWN0ZWQlM0VTZWxlY2Npb25lJTNDJTJGb3B0aW9uJTNFJTBBJTIwJTIwJTIwJTIwJTIwJTIwJTIwJTIwJTIwJTIwJTNDb3B0aW9uJTIwdmFsdWUlM0QlMjIxMiUzQTAwJTIyJTNFMTIlM0EwMCUzQyUyRm9wdGlvbiUzRSUwQSUyMCUyMCUyMCUyMCUyMCUyMCUyMCUyMCUyMCUyMCUzQ29wdGlvbiUyMHZhbHVlJTNEJTIyMTIlM0EzMCUyMiUzRTEyJTNBMzAlM0MlMkZvcHRpb24lM0UlMEElMjAlMjAlMjAlMjAlMjAlMjAlMjAlMjAlMjAlMjAlM0NvcHRpb24lMjB2YWx1ZSUzRCUyMjEzJTNBMDAlMjIlM0UxMyUzQTAwJTNDJTJGb3B0aW9uJTNFJTBBJTIwJTIwJTIwJTIwJTIwJTIwJTIwJTIwJTIwJTIwJTNDb3B0aW9uJTIwdmFsdWUlM0QlMjIxMyUzQTMwJTIyJTNFMTMlM0EzMCUzQyUyRm9wdGlvbiUzRSUwQSUyMCUyMCUyMCUyMCUyMCUyMCUyMCUyMCUyMCUyMCUzQ29wdGlvbiUyMHZhbHVlJTNEJTIyMTQlM0EwMCUyMiUzRTE0JTNBMDAlM0MlMkZvcHRpb24lM0UlMEElMjAlMjAlMjAlMjAlMjAlMjAlMjAlMjAlMjAlMjAlM0NvcHRpb24lMjB2YWx1ZSUzRCUyMjE0JTNBMzAlMjIlM0UxNCUzQTMwJTNDJTJGb3B0aW9uJTNFJTBBJTIwJTIwJTIwJTIwJTIwJTIwJTIwJTIwJTNDJTJGc2VsZWN0JTNFJTBBJTIwJTIwJTIwJTIwJTIwJTIwJTNDJTJGZGl2JTNFJTBBJTIwJTIwJTIwJTIwJTIwJTIwJTNDZGl2JTIwY2xhc3MlM0QlMjJtYi0zJTIyJTNFJTBBJTIwJTIwJTIwJTIwJTIwJTIwJTIwJTIwJTNDbGFiZWwlMjBmb3IlM0QlMjJndWVzdHNEcm9wZG93blJlc2VydmElMjIlMjBjbGFzcyUzRCUyMmZvcm0tbGFiZWwlMjIlM0VDYW50aWRhZCUyMGRlJTIwQ29tZW5zYWxlcyUzQyUyRmxhYmVsJTNFJTBBJTIwJTIwJTIwJTIwJTIwJTIwJTIwJTIwJTNDc2VsZWN0JTIwaWQlM0QlMjJndWVzdHNEcm9wZG93blJlc2VydmElMjIlMjBjbGFzcyUzRCUyMmZvcm0tY29udHJvbCUyMiUyMHJlcXVpcmVkJTNFJTBBJTIwJTIwJTIwJTIwJTIwJTIwJTIwJTIwJTIwJTIwJTNDb3B0aW9uJTIwdmFsdWUlM0QlMjIlMjIlMjBkaXNhYmxlZCUyMHNlbGVjdGVkJTNFU2VsZWNjaW9uZSUzQyUyRm9wdGlvbiUzRSUwQSUyMCUyMCUyMCUyMCUyMCUyMCUyMCUyMCUyMCUyMCUzQ29wdGlvbiUyMHZhbHVlJTNEJTIyMSUyMiUzRTElM0MlMkZvcHRpb24lM0UlMEElMjAlMjAlMjAlMjAlMjAlMjAlMjAlMjAlMjAlMjAlM0NvcHRpb24lMjB2YWx1ZSUzRCUyMjIlMjIlM0UyJTNDJTJGb3B0aW9uJTNFJTBBJTIwJTIwJTIwJTIwJTIwJTIwJTIwJTIwJTIwJTIwJTNDb3B0aW9uJTIwdmFsdWUlM0QlMjIzJTIyJTNFMyUzQyUyRm9wdGlvbiUzRSUwQSUyMCUyMCUyMCUyMCUyMCUyMCUyMCUyMCUyMCUyMCUzQ29wdGlvbiUyMHZhbHVlJTNEJTIyNCUyMiUzRTQlM0MlMkZvcHRpb24lM0UlMEElMjAlMjAlMjAlMjAlMjAlMjAlMjAlMjAlMjAlMjAlM0NvcHRpb24lMjB2YWx1ZSUzRCUyMjUlMjIlM0U1JTNDJTJGb3B0aW9uJTNFJTBBJTIwJTIwJTIwJTIwJTIwJTIwJTIwJTIwJTIwJTIwJTNDb3B0aW9uJTIwdmFsdWUlM0QlMjI2JTIyJTNFNiUzQyUyRm9wdGlvbiUzRSUwQSUyMCUyMCUyMCUyMCUyMCUyMCUyMCUyMCUyMCUyMCUzQ29wdGlvbiUyMHZhbHVlJTNEJTIyNyUyMiUzRTclM0MlMkZvcHRpb24lM0UlMEElMjAlMjAlMjAlMjAlMjAlMjAlMjAlMjAlMjAlMjAlM0NvcHRpb24lMjB2YWx1ZSUzRCUyMjglMjIlM0U4JTNDJTJGb3B0aW9uJTNFJTBBJTIwJTIwJTIwJTIwJTIwJTIwJTIwJTIwJTNDJTJGc2VsZWN0JTNFJTBBJTIwJTIwJTIwJTIwJTIwJTIwJTNDJTJGZGl2JTNFJTBBJTIwJTIwJTIwJTIwJTIwJTIwJTNDYnV0dG9uJTIwdHlwZSUzRCUyMmJ1dHRvbiUyMiUyMGlkJTNEJTIyc3VibWl0Rm9ybUJ0blJlc2VydmElMjIlMjBjbGFzcyUzRCUyMmJ0biUyMGJ0bi1wcmltYXJ5JTIyJTNFRW52aWFyJTNDJTJGYnV0dG9uJTNFJTBBJTIwJTIwJTIwJTIwJTNDJTJGZm9ybSUzRSUwQSUyMCUyMCUzQyUyRmRpdiUzRSUwQSUzQyUyRmRpdiUzRSUwQQ==[\/vc_raw_html][vc_raw_html]JTNDJTIxLS0lMjBNb2RhbCUyMC0tJTNFJTBBJTNDZGl2JTIwaWQlM0QlMjJjdXN0b21Nb2RhbCUyMiUyMGNsYXNzJTNEJTIybW9kYWwlMjIlM0UlMEElMjAlMjAlM0NkaXYlMjBjbGFzcyUzRCUyMm1vZGFsLWNvbnRlbnQlMjIlM0UlMEElMjAlMjAlMjAlMjAlM0NzcGFuJTIwaWQlM0QlMjJjbG9zZU1vZGFsQnRuJTIyJTIwY2xhc3MlM0QlMjJjbG9zZSUyMiUzRSUyNnRpbWVzJTNCJTNDJTJGc3BhbiUzRSUwQSUyMCUyMCUyMCUyMCUzQ2gyJTNFUmVzZXJ2YSUyMHBhcmElMjBkZWd1c3RhY2lvbmVzJTNDJTJGaDIlM0UlMEElMjAlMjAlMjAlMjAlM0NwJTNFUG9yJTIwZmF2b3IlMjBjb21wbGV0YXIlMjBsb3MlMjBkYXRvcyUyMHBhcmElMjBsdWVnbyUyMGNvbnRpbnVhciUyMGxhJTIwbWlzbWElMjBwb3IlMjBXaGF0c2FwcCUzQyUyRnAlM0UlMEElMjAlMjAlMjAlMjAlM0Nmb3JtJTIwaWQlM0QlMjJjb250YWN0Rm9ybSUyMiUzRSUwQSUyMCUyMCUyMCUyMCUyMCUyMCUzQ2RpdiUyMGNsYXNzJTNEJTIybWItMyUyMiUzRSUwQSUyMCUyMCUyMCUyMCUyMCUyMCUyMCUyMCUzQ2xhYmVsJTIwZm9yJTNEJTIyZmlyc3ROYW1lJTIyJTIwY2xhc3MlM0QlMjJmb3JtLWxhYmVsJTIyJTNFTm9tYnJlJTNDJTJGbGFiZWwlM0UlMEElMjAlMjAlMjAlMjAlMjAlMjAlMjAlMjAlM0NpbnB1dCUyMHR5cGUlM0QlMjJ0ZXh0JTIyJTIwY2xhc3MlM0QlMjJmb3JtLWNvbnRyb2wlMjIlMjBpZCUzRCUyMmZpcnN0TmFtZSUyMiUyMHJlcXVpcmVkJTNFJTBBJTIwJTIwJTIwJTIwJTIwJTIwJTNDJTJGZGl2JTNFJTBBJTIwJTIwJTIwJTIwJTIwJTIwJTNDZGl2JTIwY2xhc3MlM0QlMjJtYi0zJTIyJTNFJTBBJTIwJTIwJTIwJTIwJTIwJTIwJTIwJTIwJTNDbGFiZWwlMjBmb3IlM0QlMjJsYXN0TmFtZSUyMiUyMGNsYXNzJTNEJTIyZm9ybS1sYWJlbCUyMiUzRUFwZWxsaWRvJTNDJTJGbGFiZWwlM0UlMEElMjAlMjAlMjAlMjAlMjAlMjAlMjAlMjAlM0NpbnB1dCUyMHR5cGUlM0QlMjJ0ZXh0JTIyJTIwY2xhc3MlM0QlMjJmb3JtLWNvbnRyb2wlMjIlMjBpZCUzRCUyMmxhc3ROYW1lJTIyJTIwcmVxdWlyZWQlM0UlMEElMjAlMjAlMjAlMjAlMjAlMjAlM0MlMkZkaXYlM0UlMEElMjAlMjAlMjAlMjAlMjAlMjAlM0NkaXYlMjBjbGFzcyUzRCUyMm1iLTMlMjIlM0UlMEElMjAlMjAlMjAlMjAlMjAlMjAlMjAlMjAlM0NsYWJlbCUyMGZvciUzRCUyMmRhdGVQaWNrZXIlMjIlMjBjbGFzcyUzRCUyMmZvcm0tbGFiZWwlMjIlM0VGZWNoYSUzQyUyRmxhYmVsJTNFJTBBJTIwJTIwJTIwJTIwJTIwJTIwJTIwJTIwJTNDaW5wdXQlMjB0eXBlJTNEJTIyZGF0ZSUyMiUyMGlkJTNEJTIyZGF0ZVBpY2tlciUyMiUyMGNsYXNzJTNEJTIyZm9ybS1jb250cm9sJTIyJTIwcmVxdWlyZWQlM0UlMEElMjAlMjAlMjAlMjAlMjAlMjAlM0MlMkZkaXYlM0UlMEElMjAlMjAlMjAlMjAlMjAlMjAlM0NkaXYlMjBjbGFzcyUzRCUyMm1iLTMlMjIlM0UlMEElMjAlMjAlMjAlMjAlMjAlMjAlMjAlMjAlM0NsYWJlbCUyMGZvciUzRCUyMnRpbWVEcm9wZG93biUyMiUyMGNsYXNzJTNEJTIyZm9ybS1sYWJlbCUyMiUzRUhvcmElM0MlMkZsYWJlbCUzRSUwQSUyMCUyMCUyMCUyMCUyMCUyMCUyMCUyMCUzQ3NlbGVjdCUyMGlkJTNEJTIydGltZURyb3Bkb3duJTIyJTIwY2xhc3MlM0QlMjJmb3JtLWNvbnRyb2wlMjIlMjByZXF1aXJlZCUzRSUwQSUyMCUyMCUyMCUyMCUyMCUyMCUyMCUyMCUyMCUyMCUzQ29wdGlvbiUyMHZhbHVlJTNEJTIyLTElMjIlMjBkaXNhYmxlZCUyMHNlbGVjdGVkJTNFU2VsZWNjaW9uZSUzQyUyRm9wdGlvbiUzRSUwQSUyMCUyMCUyMCUyMCUyMCUyMCUyMCUyMCUyMCUyMCUzQ29wdGlvbiUyMHZhbHVlJTNEJTIyMTAlM0EwMCUyMiUzRTEwJTNBMDAlM0MlMkZvcHRpb24lM0UlMEElMjAlMjAlMjAlMjAlMjAlMjAlMjAlMjAlMjAlMjAlM0NvcHRpb24lMjB2YWx1ZSUzRCUyMjEwJTNBMzAlMjIlM0UxMCUzQTMwJTNDJTJGb3B0aW9uJTNFJTBBJTIwJTIwJTIwJTIwJTIwJTIwJTIwJTIwJTIwJTIwJTNDb3B0aW9uJTIwdmFsdWUlM0QlMjIxMSUzQTAwJTIyJTNFMTElM0EwMCUzQyUyRm9wdGlvbiUzRSUwQSUyMCUyMCUyMCUyMCUyMCUyMCUyMCUyMCUyMCUyMCUzQ29wdGlvbiUyMHZhbHVlJTNEJTIyMTElM0EzMCUyMiUzRTExJTNBMzAlM0MlMkZvcHRpb24lM0UlMEElMjAlMjAlMjAlMjAlMjAlMjAlMjAlMjAlMjAlMjAlM0NvcHRpb24lMjB2YWx1ZSUzRCUyMjEyJTNBMDAlMjIlM0UxMiUzQTAwJTNDJTJGb3B0aW9uJTNFJTBBJTIwJTIwJTIwJTIwJTIwJTIwJTIwJTIwJTIwJTIwJTNDb3B0aW9uJTIwdmFsdWUlM0QlMjIxNiUzQTAwJTIyJTNFMTYlM0EwMCUzQyUyRm9wdGlvbiUzRSUwQSUyMCUyMCUyMCUyMCUyMCUyMCUyMCUyMCUyMCUyMCUzQ29wdGlvbiUyMHZhbHVlJTNEJTIyMTYlM0EzMCUyMiUzRTE2JTNBMzAlM0MlMkZvcHRpb24lM0UlMEElMjAlMjAlMjAlMjAlMjAlMjAlMjAlMjAlM0MlMkZzZWxlY3QlM0UlMEElMjAlMjAlMjAlMjAlMjAlMjAlM0MlMkZkaXYlM0UlMEElMjAlMjAlMjAlMjAlMjAlMjAlM0NkaXYlMjBjbGFzcyUzRCUyMm1iLTMlMjIlM0UlMEElMjAlMjAlMjAlMjAlMjAlMjAlMjAlMjAlM0NsYWJlbCUyMGZvciUzRCUyMmd1ZXN0c0Ryb3Bkb3duJTIyJTIwY2xhc3MlM0QlMjJmb3JtLWxhYmVsJTIyJTNFQ2FudGlkYWQlMjBkZSUyMENvbWVuc2FsZXMlM0MlMkZsYWJlbCUzRSUwQSUyMCUyMCUyMCUyMCUyMCUyMCUyMCUyMCUzQ3NlbGVjdCUyMGlkJTNEJTIyZ3Vlc3RzRHJvcGRvd24lMjIlMjBjbGFzcyUzRCUyMmZvcm0tY29udHJvbCUyMiUyMHJlcXVpcmVkJTNFJTBBJTIwJTIwJTIwJTIwJTIwJTIwJTIwJTIwJTIwJTIwJTNDb3B0aW9uJTIwdmFsdWUlM0QlMjIlMjIlMjBkaXNhYmxlZCUyMHNlbGVjdGVkJTNFU2VsZWNjaW9uZSUzQyUyRm9wdGlvbiUzRSUwQSUyMCUyMCUyMCUyMCUyMCUyMCUyMCUyMCUyMCUyMCUzQ29wdGlvbiUyMHZhbHVlJTNEJTIyMSUyMiUzRTElM0MlMkZvcHRpb24lM0UlMEElMjAlMjAlMjAlMjAlMjAlMjAlMjAlMjAlMjAlMjAlM0NvcHRpb24lMjB2YWx1ZSUzRCUyMjIlMjIlM0UyJTNDJTJGb3B0aW9uJTNFJTBBJTIwJTIwJTIwJTIwJTIwJTIwJTIwJTIwJTIwJTIwJTNDb3B0aW9uJTIwdmFsdWUlM0QlMjIzJTIyJTNFMyUzQyUyRm9wdGlvbiUzRSUwQSUyMCUyMCUyMCUyMCUyMCUyMCUyMCUyMCUyMCUyMCUzQ29wdGlvbiUyMHZhbHVlJTNEJTIyNCUyMiUzRTQlM0MlMkZvcHRpb24lM0UlMEElMjAlMjAlMjAlMjAlMjAlMjAlMjAlMjAlMjAlMjAlM0NvcHRpb24lMjB2YWx1ZSUzRCUyMjUlMjIlM0U1JTNDJTJGb3B0aW9uJTNFJTBBJTIwJTIwJTIwJTIwJTIwJTIwJTIwJTIwJTIwJTIwJTNDb3B0aW9uJTIwdmFsdWUlM0QlMjI2JTIyJTNFNiUzQyUyRm9wdGlvbiUzRSUwQSUyMCUyMCUyMCUyMCUyMCUyMCUyMCUyMCUyMCUyMCUzQ29wdGlvbiUyMHZhbHVlJTNEJTIyNyUyMiUzRTclM0MlMkZvcHRpb24lM0UlMEElMjAlMjAlMjAlMjAlMjAlMjAlMjAlMjAlMjAlMjAlM0NvcHRpb24lMjB2YWx1ZSUzRCUyMjglMjIlM0U4JTNDJTJGb3B0aW9uJTNFJTBBJTIwJTIwJTIwJTIwJTIwJTIwJTIwJTIwJTNDJTJGc2VsZWN0JTNFJTBBJTIwJTIwJTIwJTIwJTIwJTIwJTNDJTJGZGl2JTNFJTBBJTIwJTIwJTIwJTIwJTIwJTIwJTNDYnV0dG9uJTIwdHlwZSUzRCUyMmJ1dHRvbiUyMiUyMGlkJTNEJTIyc3VibWl0Rm9ybUJ0biUyMiUyMGNsYXNzJTNEJTIyYnRuJTIwYnRuLXByaW1hcnklMjIlM0VFbnZpYXIlM0MlMkZidXR0b24lM0UlMEElMjAlMjAlMjAlMjAlM0MlMkZmb3JtJTNFJTBBJTIwJTIwJTNDJTJGZGl2JTNFJTBBJTNDJTJGZGl2JTNFJTBB[\/vc_raw_html][\/vc_column][\/vc_row][vc_row full_width=&#8221;stretch_row&#8221; content_placement=&#8221;middle&#8221; css_animation=&#8221;&#8221; css=&#8221;.vc_custom_1722280511178{padding-top: 50px !important;padding-right: 80px !important;padding-bottom: 0px !important;padding-left: 80px !important;background-color: #000000 !important;}&#8221;][vc_column width=&#8221;1\/6&#8243; css_animation=&#8221;&#8221;][vc_single_image image=&#8221;2680&#8243; css_animation=&#8221;&#8221;][\/vc_column][vc_column width=&#8221;5\/6&#8243; css_animation=&#8221;&#8221;][vc_row_inner css_animation=&#8221;&#8221; css=&#8221;.vc_custom_1720815732010{padding-top: 0px !important;padding-bottom: 0px !important;}&#8221;][vc_column_inner width=&#8221;1\/3&#8243; css=&#8221;.vc_custom_1720817553075{padding-top: 25px !important;padding-bottom: 25px !important;}&#8221;]\n\t<div class=\"title-subtitle-box \" style=\" text-align: left;\">\n\t\t<p  style=\"\">Consultas<\/p>\n\t\t<h5 style=\" color:#ffffff;  font-style: normal;\">administracion@bodegalaazul.com<\/h5>\n\t<\/div> [\/vc_column_inner][vc_column_inner width=&#8221;5\/12&#8243; css=&#8221;.vc_custom_1720817558099{padding-top: 25px !important;padding-bottom: 25px !important;}&#8221;]\n\t<div class=\"title-subtitle-box  vc_custom_1722258961426\" style=\" text-align: left;\">\n\t\t<p  style=\"\">Reservas Bodega y Rest\u00f3 La Azul<\/p>\n\t<\/div> [vc_btn title=&#8221;Whatsapp&#8221; style=&#8221;outline-custom&#8221; outline_custom_color=&#8221;#ffffff&#8221; outline_custom_hover_background=&#8221;#b0976d&#8221; outline_custom_hover_text=&#8221;#ffffff&#8221; shape=&#8221;square&#8221; align=&#8221;left&#8221; i_icon_fontawesome=&#8221;fab fa-whatsapp&#8221; css_animation=&#8221;&#8221; add_icon=&#8221;true&#8221; link=&#8221;url:https%3A%2F%2Fwa.me%2F542622603443|title:Contacto|target:_blank&#8221;][\/vc_column_inner][vc_column_inner width=&#8221;1\/4&#8243; css=&#8221;.vc_custom_1720817563690{padding-top: 25px !important;padding-bottom: 25px !important;}&#8221;]\n\t<div class=\"title-subtitle-box  vc_custom_1720815510660 vc_custom_1720815510660 vc_custom_1720815510661\" style=\" margin-bottom:0px; text-align: left;\">\n\t\t<p  style=\"\">PUNTOS DE VENTA<\/p>\n\t<\/div> [vc_btn title=&#8221;Ver informaci\u00f3n&#8221; style=&#8221;outline-custom&#8221; outline_custom_color=&#8221;#ffffff&#8221; outline_custom_hover_background=&#8221;#b0976d&#8221; outline_custom_hover_text=&#8221;#ffffff&#8221; shape=&#8221;square&#8221; css_animation=&#8221;&#8221; link=&#8221;url:https%3A%2F%2Fapptienda.com.ar%2Fbodega%2Fcontacto%2F|title:Contacto&#8221;][\/vc_column_inner][\/vc_row_inner][\/vc_column][\/vc_row]<\/p>\n<\/div>","protected":false},"excerpt":{"rendered":"<p>[vc_row equal_height=&#8221;yes&#8221; css_animation=&#8221;&#8221; css=&#8221;.vc_custom_1723824750510{margin-top: 100px !important;margin-bottom: 100px !important;padding-top: 0px !important;padding-right: 0px !important;padding-bottom: 0px !important;padding-left: 0px !important;}&#8221; css_tablet=&#8221;.vc_custom_1723824750510{margin-top: 0px !important;margin-bottom: 0px !important;}&#8221; css_mobile=&#8221;.vc_custom_1723824750511{margin-top: 0px !important;margin-bottom: 0px !important;}&#8221;][vc_column width=&#8221;1\/2&#8243; css_animation=&#8221;&#8221; css=&#8221;.vc_custom_1681215965375{padding-top: 18%<br class=\"read-more-spacer\"> <a class=\"more-link\" href=\"https:\/\/apptienda.com.ar\/bodega\/resto\/\">Read More<\/a><\/p>\n","protected":false},"author":1,"featured_media":2812,"parent":0,"menu_order":0,"comment_status":"closed","ping_status":"closed","template":"","meta":{"_acf_changed":false,"footnotes":""},"acf":[],"_links":{"self":[{"href":"https:\/\/apptienda.com.ar\/bodega\/wp-json\/wp\/v2\/pages\/1060"}],"collection":[{"href":"https:\/\/apptienda.com.ar\/bodega\/wp-json\/wp\/v2\/pages"}],"about":[{"href":"https:\/\/apptienda.com.ar\/bodega\/wp-json\/wp\/v2\/types\/page"}],"author":[{"embeddable":true,"href":"https:\/\/apptienda.com.ar\/bodega\/wp-json\/wp\/v2\/users\/1"}],"replies":[{"embeddable":true,"href":"https:\/\/apptienda.com.ar\/bodega\/wp-json\/wp\/v2\/comments?post=1060"}],"version-history":[{"count":100,"href":"https:\/\/apptienda.com.ar\/bodega\/wp-json\/wp\/v2\/pages\/1060\/revisions"}],"predecessor-version":[{"id":3182,"href":"https:\/\/apptienda.com.ar\/bodega\/wp-json\/wp\/v2\/pages\/1060\/revisions\/3182"}],"wp:featuredmedia":[{"embeddable":true,"href":"https:\/\/apptienda.com.ar\/bodega\/wp-json\/wp\/v2\/media\/2812"}],"wp:attachment":[{"href":"https:\/\/apptienda.com.ar\/bodega\/wp-json\/wp\/v2\/media?parent=1060"}],"curies":[{"name":"wp","href":"https:\/\/api.w.org\/{rel}","templated":true}]}}